{"id":15,"date":"2020-02-14T13:31:53","date_gmt":"2020-02-14T13:31:53","guid":{"rendered":"https:\/\/katherinamayer.com\/?page_id=15"},"modified":"2025-01-23T11:14:12","modified_gmt":"2025-01-23T11:14:12","slug":"biografia","status":"publish","type":"page","link":"https:\/\/katherinamayer.com\/en\/biografia\/","title":{"rendered":"Biography"},"content":{"rendered":"<div data-elementor-type=\"wp-page\" data-elementor-id=\"15\" class=\"elementor elementor-15\">\n\t\t\t\t\t\t\t\t\t<section class=\"elementor-section elementor-top-section elementor-element elementor-element-4be23bc elementor-section-boxed elementor-section-height-default elementor-section-height-default\" data-id=\"4be23bc\" data-element_type=\"section\" data-settings=\"{&quot;background_background&quot;:&quot;classic&quot;}\">\n\t\t\t\t\t\t<div class=\"elementor-container elementor-column-gap-default\">\n\t\t\t\t\t<div class=\"elementor-column elementor-col-100 elementor-top-column elementor-element elementor-element-8dbbdf0\" data-id=\"8dbbdf0\" data-element_type=\"column\">\n\t\t\t<div class=\"elementor-widget-wrap elementor-element-populated\">\n\t\t\t\t\t\t\t\t<div class=\"elementor-element elementor-element-67cc910 elementor-widget elementor-widget-image\" data-id=\"67cc910\" data-element_type=\"widget\" data-widget_type=\"image.default\">\n\t\t\t\t<div class=\"elementor-widget-container\">\n\t\t\t\t\t\t\t\t\t\t\t\t\t\t\t<img decoding=\"async\" width=\"800\" height=\"534\" src=\"https:\/\/katherinamayer.com\/wp-content\/uploads\/2025\/01\/DSC_0101-1024x683.jpg\" class=\"attachment-large size-large wp-image-715\" alt=\"\" srcset=\"https:\/\/katherinamayer.com\/wp-content\/uploads\/2025\/01\/DSC_0101-1024x683.jpg 1024w, https:\/\/katherinamayer.com\/wp-content\/uploads\/2025\/01\/DSC_0101-300x200.jpg 300w, https:\/\/katherinamayer.com\/wp-content\/uploads\/2025\/01\/DSC_0101-768x512.jpg 768w, https:\/\/katherinamayer.com\/wp-content\/uploads\/2025\/01\/DSC_0101-1536x1025.jpg 1536w, https:\/\/katherinamayer.com\/wp-content\/uploads\/2025\/01\/DSC_0101-2048x1367.jpg 2048w\" sizes=\"(max-width: 800px) 100vw, 800px\" \/>\t\t\t\t\t\t\t\t\t\t\t\t\t\t\t<\/div>\n\t\t\t\t<\/div>\n\t\t\t\t\t<\/div>\n\t\t<\/div>\n\t\t\t\t\t\t\t<\/div>\n\t\t<\/section>\n\t\t\t\t<section class=\"elementor-section elementor-top-section elementor-element elementor-element-7885d93 elementor-section-boxed elementor-section-height-default elementor-section-height-default\" data-id=\"7885d93\" data-element_type=\"section\" data-settings=\"{&quot;background_background&quot;:&quot;classic&quot;}\">\n\t\t\t\t\t\t<div class=\"elementor-container elementor-column-gap-default\">\n\t\t\t\t\t<div class=\"elementor-column elementor-col-100 elementor-top-column elementor-element elementor-element-aca68de\" data-id=\"aca68de\" data-element_type=\"column\">\n\t\t\t<div class=\"elementor-widget-wrap elementor-element-populated\">\n\t\t\t\t\t\t\t\t<div class=\"elementor-element elementor-element-7157d47 elementor-widget elementor-widget-heading\" data-id=\"7157d47\" data-element_type=\"widget\" data-widget_type=\"heading.default\">\n\t\t\t\t<div class=\"elementor-widget-container\">\n\t\t\t<h2 class=\"elementor-heading-title elementor-size-default\">This is my story.<\/h2>\t\t<\/div>\n\t\t\t\t<\/div>\n\t\t\t\t\t<\/div>\n\t\t<\/div>\n\t\t\t\t\t\t\t<\/div>\n\t\t<\/section>\n\t\t\t\t<section class=\"elementor-section elementor-top-section elementor-element elementor-element-a374646 elementor-section-boxed elementor-section-height-default elementor-section-height-default\" data-id=\"a374646\" data-element_type=\"section\" data-settings=\"{&quot;background_background&quot;:&quot;classic&quot;}\">\n\t\t\t\t\t\t<div class=\"elementor-container elementor-column-gap-default\">\n\t\t\t\t\t<div class=\"elementor-column elementor-col-100 elementor-top-column elementor-element elementor-element-057de19\" data-id=\"057de19\" data-element_type=\"column\">\n\t\t\t<div class=\"elementor-widget-wrap elementor-element-populated\">\n\t\t\t\t\t\t\t\t<div class=\"elementor-element elementor-element-170f1b7 elementor-widget elementor-widget-text-editor\" data-id=\"170f1b7\" data-element_type=\"widget\" data-widget_type=\"text-editor.default\">\n\t\t\t\t<div class=\"elementor-widget-container\">\n\t\t\t\t\t\t\t<p>Acting has always been my way of understanding the world and connecting with my own truth. Acting, for me, is a journey into the infinite, a bridge that takes me beyond time and space. Every day I work to transform my body, mind and spirit into an artistic tool that can give voice to those who have been silenced, in four languages.<\/p><p>I am a professional actress, graduated in Dramatic Arts from ESAD M\u00e1laga, and I have complemented my training in film at the 32 Historias School. My path so far has led me to explore film and theatre with the same enthusiasm, debuting in feature films such as The Critic, by Anand Tucker, and V\u00edrgenes, by \u00c1lvaro D\u00edaz. In the theatre, I have had the pleasure of immersing myself in works such as The Maids by Jean Genet and The Bitter Tears of Petra von Kant by Fassbinder.<\/p><p>I am here to continue growing, learning and sharing. I love telling stories, I love the art of feeling and making others feel. This is just the beginning, and I feel totally prepared for whatever comes next.<\/p>\t\t\t\t\t\t<\/div>\n\t\t\t\t<\/div>\n\t\t\t\t\t<\/div>\n\t\t<\/div>\n\t\t\t\t\t\t\t<\/div>\n\t\t<\/section>\n\t\t\t\t\t\t\t<\/div>","protected":false},"excerpt":{"rendered":"<p>This is my story. Acting has always been my way of understanding the world and connecting with my own truth. Acting, for me, is a journey into the infinite, a bridge that takes me beyond time and space. Every day I work to transform my body, mind and spirit [\u2026]<\/p>","protected":false},"author":1,"featured_media":0,"parent":0,"menu_order":0,"comment_status":"closed","ping_status":"closed","template":"elementor_header_footer","meta":{"footnotes":""},"class_list":["post-15","page","type-page","status-publish","hentry"],"_links":{"self":[{"href":"https:\/\/katherinamayer.com\/en\/wp-json\/wp\/v2\/pages\/15","targetHints":{"allow":["GET"]}}],"collection":[{"href":"https:\/\/katherinamayer.com\/en\/wp-json\/wp\/v2\/pages"}],"about":[{"href":"https:\/\/katherinamayer.com\/en\/wp-json\/wp\/v2\/types\/page"}],"author":[{"embeddable":true,"href":"https:\/\/katherinamayer.com\/en\/wp-json\/wp\/v2\/users\/1"}],"replies":[{"embeddable":true,"href":"https:\/\/katherinamayer.com\/en\/wp-json\/wp\/v2\/comments?post=15"}],"version-history":[{"count":11,"href":"https:\/\/katherinamayer.com\/en\/wp-json\/wp\/v2\/pages\/15\/revisions"}],"predecessor-version":[{"id":725,"href":"https:\/\/katherinamayer.com\/en\/wp-json\/wp\/v2\/pages\/15\/revisions\/725"}],"wp:attachment":[{"href":"https:\/\/katherinamayer.com\/en\/wp-json\/wp\/v2\/media?parent=15"}],"curies":[{"name":"wp","href":"https:\/\/api.w.org\/{rel}","templated":true}]}}